{"id":670,"date":"2020-04-23T14:11:59","date_gmt":"2020-04-23T14:11:59","guid":{"rendered":"https:\/\/cheflirantal.com\/?page_id=670"},"modified":"2020-07-22T20:23:36","modified_gmt":"2020-07-22T20:23:36","slug":"event-catering","status":"publish","type":"page","link":"https:\/\/cheflirantal.com\/fr\/traiteur\/","title":{"rendered":"Traiteur"},"content":{"rendered":"<div data-elementor-type=\"wp-page\" data-elementor-id=\"670\" class=\"elementor elementor-670\" data-elementor-settings=\"[]\">\n\t\t\t\t\t\t<div class=\"elementor-inner\">\n\t\t\t\t\t\t\t<div class=\"elementor-section-wrap\">\n\t\t\t\t\t\t\t<section class=\"elementor-section elementor-top-section elementor-element elementor-element-e165eea elementor-section-boxed elementor-section-height-default elementor-section-height-default\" data-id=\"e165eea\" data-element_type=\"section\">\n\t\t\t\t\t\t<div class=\"elementor-container elementor-column-gap-default\">\n\t\t\t\t\t\t\t<div class=\"elementor-row\">\n\t\t\t\t\t<div class=\"elementor-column elementor-col-100 elementor-top-column elementor-element elementor-element-2cd6d65\" data-id=\"2cd6d65\" data-element_type=\"column\">\n\t\t\t<div class=\"elementor-column-wrap elementor-element-populated\">\n\t\t\t\t\t\t\t<div class=\"elementor-widget-wrap\">\n\t\t\t\t\t\t<div class=\"elementor-element elementor-element-639ca10c elementor-widget__width-initial elementor-widget elementor-widget-text-editor\" data-id=\"639ca10c\" data-element_type=\"widget\" data-widget_type=\"text-editor.default\">\n\t\t\t\t<div class=\"elementor-widget-container\">\n\t\t\t\t\t\t\t\t<div class=\"elementor-text-editor elementor-clearfix\">\n\t\t\t\t<p>Qu'il s'agisse d'un d\u00eener intime ou d'un cocktail clients, nous aimerions faire de votre \u00e9v\u00e9nement un succ\u00e8s culinaire. Veuillez remplir le formulaire ci-dessous et nous vous r\u00e9pondrons dans les meilleurs d\u00e9lais.<\/p>\t\t\t\t\t<\/div>\n\t\t\t\t\t\t<\/div>\n\t\t\t\t<\/div>\n\t\t\t\t\t\t<\/div>\n\t\t\t\t\t<\/div>\n\t\t<\/div>\n\t\t\t\t\t\t\t\t<\/div>\n\t\t\t\t\t<\/div>\n\t\t<\/section>\n\t\t\t\t<section class=\"elementor-section elementor-top-section elementor-element elementor-element-e733618 elementor-section-boxed elementor-section-height-default elementor-section-height-default\" data-id=\"e733618\" data-element_type=\"section\">\n\t\t\t\t\t\t<div class=\"elementor-container elementor-column-gap-default\">\n\t\t\t\t\t\t\t<div class=\"elementor-row\">\n\t\t\t\t\t<div class=\"elementor-column elementor-col-100 elementor-top-column elementor-element elementor-element-6cb88b1\" data-id=\"6cb88b1\" data-element_type=\"column\">\n\t\t\t<div class=\"elementor-column-wrap elementor-element-populated\">\n\t\t\t\t\t\t\t<div class=\"elementor-widget-wrap\">\n\t\t\t\t\t\t<div class=\"elementor-element elementor-element-3d4c548 elementor-arrows-position-inside elementor-pagination-position-outside elementor-widget elementor-widget-image-carousel\" data-id=\"3d4c548\" data-element_type=\"widget\" data-settings=\"{&quot;image_spacing_custom&quot;:{&quot;unit&quot;:&quot;px&quot;,&quot;size&quot;:26,&quot;sizes&quot;:[]},&quot;navigation&quot;:&quot;both&quot;,&quot;autoplay&quot;:&quot;yes&quot;,&quot;pause_on_hover&quot;:&quot;yes&quot;,&quot;pause_on_interaction&quot;:&quot;yes&quot;,&quot;autoplay_speed&quot;:5000,&quot;infinite&quot;:&quot;yes&quot;,&quot;speed&quot;:500}\" data-widget_type=\"image-carousel.default\">\n\t\t\t\t<div class=\"elementor-widget-container\">\n\t\t\t\t\t<div class=\"elementor-image-carousel-wrapper swiper-container\" dir=\"ltr\">\n\t\t\t<div class=\"elementor-image-carousel swiper-wrapper\">\n\t\t\t\t\t\t\t\t<div class=\"swiper-slide\"><figure class=\"swiper-slide-inner\"><img class=\"swiper-slide-image\" src=\"https:\/\/cheflirantal.com\/wp-content\/uploads\/2020\/07\/Chef-Liran-Tal-traiteur-\u00e9v\u00e9nement-d-entreprise.jpeg\" alt=\"Le chef Liran Tal et son \u00e9quipe cuisinent devant les invit\u00e9s dans une cuisine ouverte lors d&#039;un \u00e9v\u00e9nement d&#039;entreprise.\" \/><figcaption class=\"elementor-image-carousel-caption\">Le chef Liran Tal et son \u00e9quipe cuisinent devant les invit\u00e9s dans une cuisine ouverte lors d'un \u00e9v\u00e9nement d'entreprise.<\/figcaption><\/figure><\/div><div class=\"swiper-slide\"><figure class=\"swiper-slide-inner\"><img class=\"swiper-slide-image\" src=\"https:\/\/cheflirantal.com\/wp-content\/uploads\/2020\/04\/Chef-Liran-Tal-event-catering-lieu-noir-wrapped-in-vine-leaves.jpeg\" alt=\"Kebab de poisson Maigre envelopp\u00e9 dans des feuilles de vigne | Amba d&#039;abricot | citron s\u00e9ch\u00e9 | salade de fenouil et radis croustillant | Grenade\" \/><figcaption class=\"elementor-image-carousel-caption\">Kebab de poisson Maigre envelopp\u00e9 dans des feuilles de vigne | Amba d'abricot | citron s\u00e9ch\u00e9 | salade de fenouil et radis croustillant | Grenade<\/figcaption><\/figure><\/div><div class=\"swiper-slide\"><figure class=\"swiper-slide-inner\"><img class=\"swiper-slide-image\" src=\"https:\/\/cheflirantal.com\/wp-content\/uploads\/2020\/07\/Chef-Liran-Tal-traiteur-thon-rouge.jpeg\" alt=\"Sashimi \u00e0 Yellowtail | jus de citron | yaourt ferment\u00e9 en poudre | citron vert | shiso violet\" \/><figcaption class=\"elementor-image-carousel-caption\">Sashimi \u00e0 Yellowtail | jus de citron | yaourt ferment\u00e9 en poudre | citron vert | shiso violet<\/figcaption><\/figure><\/div><div class=\"swiper-slide\"><figure class=\"swiper-slide-inner\"><img class=\"swiper-slide-image\" src=\"https:\/\/cheflirantal.com\/wp-content\/uploads\/2020\/07\/Chef-Liran-Tal-traiteur-gazpacho.jpeg\" alt=\"Gaspacho au melon: tomate Ananas, concombre, vin de riz, huile d&#039;olive et origan frais, servi avec du melon fum\u00e9 d\u00e9shydrat\u00e9 envelopp\u00e9, brochette de mozzarella.\" \/><figcaption class=\"elementor-image-carousel-caption\">Gaspacho au melon: tomate Ananas, concombre, vin de riz, huile d'olive et origan frais, servi avec du melon fum\u00e9 d\u00e9shydrat\u00e9 envelopp\u00e9, brochette de mozzarella.<\/figcaption><\/figure><\/div><div class=\"swiper-slide\"><figure class=\"swiper-slide-inner\"><img class=\"swiper-slide-image\" src=\"https:\/\/cheflirantal.com\/wp-content\/uploads\/2020\/07\/Chef-Liran-Tal-traiteur-lieu-noir-envelopp\u00e9-de-feuilles-de-vigne.jpeg\" alt=\"Kebab de poisson Maigre envelopp\u00e9 dans des feuilles de vigne | Amba d&#039;abricot | citron s\u00e9ch\u00e9 | salade de fenouil et radis croustillant | Grenade\" \/><figcaption class=\"elementor-image-carousel-caption\">Kebab de poisson Maigre envelopp\u00e9 dans des feuilles de vigne | Amba d'abricot | citron s\u00e9ch\u00e9 | salade de fenouil et radis croustillant | Grenade<\/figcaption><\/figure><\/div>\t\t\t<\/div>\n\t\t\t\t\t\t\t\t\t\t\t\t<div class=\"swiper-pagination\"><\/div>\n\t\t\t\t\t\t\t\t\t\t\t\t\t<div class=\"elementor-swiper-button elementor-swiper-button-prev\">\n\t\t\t\t\t\t<i aria-hidden=\"true\" class=\"eicon-chevron-left\"><\/i>\t\t\t\t\t\t<span class=\"elementor-screen-only\">Pr\u00e9c\u00e9dent<\/span>\n\t\t\t\t\t<\/div>\n\t\t\t\t\t<div class=\"elementor-swiper-button elementor-swiper-button-next\">\n\t\t\t\t\t\t<i aria-hidden=\"true\" class=\"eicon-chevron-right\"><\/i>\t\t\t\t\t\t<span class=\"elementor-screen-only\">Suivant<\/span>\n\t\t\t\t\t<\/div>\n\t\t\t\t\t\t\t\t\t<\/div>\n\t\t\t\t<\/div>\n\t\t\t\t<\/div>\n\t\t\t\t\t\t<\/div>\n\t\t\t\t\t<\/div>\n\t\t<\/div>\n\t\t\t\t\t\t\t\t<\/div>\n\t\t\t\t\t<\/div>\n\t\t<\/section>\n\t\t\t\t<section class=\"elementor-section elementor-top-section elementor-element elementor-element-56c71b70 elementor-section-boxed elementor-section-height-default elementor-section-height-default\" data-id=\"56c71b70\" data-element_type=\"section\">\n\t\t\t\t\t\t<div class=\"elementor-container elementor-column-gap-default\">\n\t\t\t\t\t\t\t<div class=\"elementor-row\">\n\t\t\t\t\t<div class=\"elementor-column elementor-col-100 elementor-top-column elementor-element elementor-element-15b4985c\" data-id=\"15b4985c\" data-element_type=\"column\">\n\t\t\t<div class=\"elementor-column-wrap elementor-element-populated\">\n\t\t\t\t\t\t\t<div class=\"elementor-widget-wrap\">\n\t\t\t\t\t\t<div class=\"elementor-element elementor-element-56220be9 elementor-widget elementor-widget-shortcode\" data-id=\"56220be9\" data-element_type=\"widget\" data-widget_type=\"shortcode.default\">\n\t\t\t\t<div class=\"elementor-widget-container\">\n\t\t\t\t\t<div class=\"elementor-shortcode\"><div role=\"form\" class=\"wpcf7\" id=\"wpcf7-f510-o1\" lang=\"en-US\" dir=\"ltr\">\n<div class=\"screen-reader-response\"><p role=\"status\" aria-live=\"polite\" aria-atomic=\"true\"><\/p> <ul><\/ul><\/div>\n<form action=\"\/fr\/wp-json\/wp\/v2\/pages\/670#wpcf7-f510-o1\" method=\"post\" class=\"wpcf7-form init\" novalidate=\"novalidate\" data-status=\"init\" data-trp-original-action=\"\/fr\/wp-json\/wp\/v2\/pages\/670#wpcf7-f510-o1\">\n<div style=\"display: none;\">\n<input type=\"hidden\" name=\"_wpcf7\" value=\"510\" \/>\n<input type=\"hidden\" name=\"_wpcf7_version\" value=\"5.5.4\" \/>\n<input type=\"hidden\" name=\"_wpcf7_locale\" value=\"en_US\" \/>\n<input type=\"hidden\" name=\"_wpcf7_unit_tag\" value=\"wpcf7-f510-o1\" \/>\n<input type=\"hidden\" name=\"_wpcf7_container_post\" value=\"0\" \/>\n<input type=\"hidden\" name=\"_wpcf7_posted_data_hash\" value=\"\" \/>\n<input type=\"hidden\" name=\"_wpcf7_recaptcha_response\" value=\"\" \/>\n<\/div>\n<div class=\"form-row\">\n<div class=\"column-half\"><label>Pr\u00e9nom &amp; Nom<br \/>\n    <span class=\"wpcf7-form-control-wrap your-name\"><input type=\"text\" name=\"your-name\" value=\"\" size=\"40\" class=\"wpcf7-form-control wpcf7-text wpcf7-validates-as-required\" id=\"name1\" aria-required=\"true\" aria-invalid=\"false\" \/><\/span> <\/label><\/div>\n<div class=\"column-half\"><label> Email<br \/>\n    <span class=\"wpcf7-form-control-wrap your-email\"><input type=\"email\" name=\"your-email\" value=\"\" size=\"40\" class=\"wpcf7-form-control wpcf7-text wpcf7-email wpcf7-validates-as-required wpcf7-validates-as-email\" id=\"email1\" aria-required=\"true\" aria-invalid=\"false\" \/><\/span> <\/label><\/div>\n<div class=\"column-half\"><label> Soci\u00e9t\u00e9<br \/>\n<span class=\"wpcf7-form-control-wrap mc4wp-Company\"><input type=\"text\" name=\"mc4wp-Company\" value=\"\" size=\"40\" class=\"wpcf7-form-control wpcf7-text\" id=\"company1\" aria-invalid=\"false\" \/><\/span> <\/label><\/div>\n<div class=\"column-half\"><label> T\u00e9l\u00e9phone<br \/>\n <span class=\"wpcf7-form-control-wrap mc4wp-Phone\"><input type=\"number\" name=\"mc4wp-Phone\" value=\"\" class=\"wpcf7-form-control wpcf7-number wpcf7-validates-as-number\" id=\"phone1\" aria-invalid=\"false\" \/><\/span><\/label><\/div>\n<\/div>\n<p><label> Date souhait\u00e9e<br \/>\n<span class=\"wpcf7-form-control-wrap date-492\"><input type=\"date\" name=\"date-492\" value=\"\" class=\"wpcf7-form-control wpcf7-date wpcf7-validates-as-date\" aria-invalid=\"false\" \/><\/span> <\/label><\/p>\n<p><label> Type d'\u00e9v\u00e9nement - veuillez cocher tout ce qui s'applique:<br \/>\n<span class=\"wpcf7-form-control-wrap EventAttributes\"><span class=\"wpcf7-form-control wpcf7-checkbox\"><span class=\"wpcf7-list-item first\"><input type=\"checkbox\" name=\"EventAttributes[]\" value=\"Breakfast\" \/><span class=\"wpcf7-list-item-label\">petit d\u00e9jeuner<\/span><\/span><span class=\"wpcf7-list-item\"><input type=\"checkbox\" name=\"EventAttributes[]\" value=\"Lunch\" \/><span class=\"wpcf7-list-item-label\">d\u00e9jeuner<\/span><\/span><span class=\"wpcf7-list-item\"><input type=\"checkbox\" name=\"EventAttributes[]\" value=\"Dinner\" \/><span class=\"wpcf7-list-item-label\">dinner<\/span><\/span><span class=\"wpcf7-list-item\"><input type=\"checkbox\" name=\"EventAttributes[]\" value=\"Cocktail\" \/><span class=\"wpcf7-list-item-label\">cocktail<\/span><\/span><span class=\"wpcf7-list-item\"><input type=\"checkbox\" name=\"EventAttributes[]\" value=\"Business event\" \/><span class=\"wpcf7-list-item-label\">\u00e9v\u00e9nement d'entreprise<\/span><\/span><span class=\"wpcf7-list-item last\"><input type=\"checkbox\" name=\"EventAttributes[]\" value=\"Private event\" \/><span class=\"wpcf7-list-item-label\">\u00e9v\u00e9nement priv\u00e9<\/span><\/span><\/span><\/span> <\/label><\/p>\n<p><label> Nombre d'invit\u00e9s<br \/>\n    <span class=\"wpcf7-form-control-wrap guestNumber\"><span class=\"wpcf7-form-control wpcf7-checkbox\"><span class=\"wpcf7-list-item first\"><input type=\"checkbox\" name=\"guestNumber[]\" value=\"&lt; 30 guests\" \/><span class=\"wpcf7-list-item-label\">&lt; 30 invit\u00e9s<\/span><\/span><span class=\"wpcf7-list-item\"><input type=\"checkbox\" name=\"guestNumber[]\" value=\"30 - 100 guests\" \/><span class=\"wpcf7-list-item-label\">30 - 100 invit\u00e9s<\/span><\/span><span class=\"wpcf7-list-item last\"><input type=\"checkbox\" name=\"guestNumber[]\" value=\"&gt; 100 guests\" \/><span class=\"wpcf7-list-item-label\">&gt; 100 invit\u00e9s<\/span><\/span><\/span><\/span> <\/label><\/p>\n<p><label> Information additionnelle<br \/>\n    <span class=\"wpcf7-form-control-wrap your-message\"><textarea name=\"your-message\" cols=\"40\" rows=\"10\" class=\"wpcf7-form-control wpcf7-textarea\" aria-invalid=\"false\"><\/textarea><\/span> <\/label><\/p>\n<p><!--<span class=\"wpcf7-form-control-wrap Newsletter\"><span class=\"wpcf7-form-control wpcf7-acceptance optional\"><span class=\"wpcf7-list-item\"><label><input type=\"checkbox\" name=\"Newsletter\" value=\"1\" aria-invalid=\"false\" \/><span class=\"wpcf7-list-item-label\">Sign me up for news, updates and (delicious) recipes<\/span><\/label><\/span><\/span><\/span>--><\/p>\n<p><!-- Mailchimp for WordPress v4.8.10 - https:\/\/www.mc4wp.com\/ --><input type=\"hidden\" name=\"_mc4wp_subscribe_contact-form-7\" value=\"0\" \/><span class=\"mc4wp-checkbox mc4wp-checkbox-contact-form-7\" ><label><input type=\"checkbox\" name=\"_mc4wp_subscribe_contact-form-7\" value=\"1\"  \/><span>Inscrivez-moi au newsletter pour recevoir des nouvelles, des recettes et des astuces culinaires exclusifs.<\/span><\/label><\/span><!-- \/ Mailchimp for WordPress --><br \/>\n<input type=\"submit\" value=\"Envoyer\" class=\"wpcf7-form-control has-spinner wpcf7-submit\" \/><\/p>\n<p style=\"display: none !important;\"><label>&#916;<textarea name=\"_wpcf7_ak_hp_textarea\" cols=\"45\" rows=\"8\" maxlength=\"100\"><\/textarea><\/label><input type=\"hidden\" id=\"ak_js_1\" name=\"_wpcf7_ak_js\" value=\"134\"\/><script>document.getElementById( \"ak_js_1\" ).setAttribute( \"value\", ( new Date() ).getTime() );<\/script><\/p><input type='hidden' class='wpcf7-pum' value='{\"closepopup\":false,\"closedelay\":0,\"openpopup\":false,\"openpopup_id\":0}' \/><div class=\"wpcf7-response-output\" aria-hidden=\"true\"><\/div><input type=\"hidden\" name=\"trp-form-language\" value=\"fr\"\/><\/form><\/div><\/div>\n\t\t\t\t<\/div>\n\t\t\t\t<\/div>\n\t\t\t\t\t\t<\/div>\n\t\t\t\t\t<\/div>\n\t\t<\/div>\n\t\t\t\t\t\t\t\t<\/div>\n\t\t\t\t\t<\/div>\n\t\t<\/section>\n\t\t\t\t<section class=\"elementor-section elementor-top-section elementor-element elementor-element-7f77919a elementor-section-boxed elementor-section-height-default elementor-section-height-default\" data-id=\"7f77919a\" data-element_type=\"section\">\n\t\t\t\t\t\t<div class=\"elementor-container elementor-column-gap-default\">\n\t\t\t\t\t\t\t<div class=\"elementor-row\">\n\t\t\t\t\t<div class=\"elementor-column elementor-col-100 elementor-top-column elementor-element elementor-element-7a6f89a0\" data-id=\"7a6f89a0\" data-element_type=\"column\">\n\t\t\t<div class=\"elementor-column-wrap\">\n\t\t\t\t\t\t\t<div class=\"elementor-widget-wrap\">\n\t\t\t\t\t\t\t\t<\/div>\n\t\t\t\t\t<\/div>\n\t\t<\/div>\n\t\t\t\t\t\t\t\t<\/div>\n\t\t\t\t\t<\/div>\n\t\t<\/section>\n\t\t\t\t\t\t<\/div>\n\t\t\t\t\t\t<\/div>\n\t\t\t\t\t<\/div>","protected":false},"excerpt":{"rendered":"<p>Whether it\u2019s an intimate dinner party, or a showroom cocktail reception, we\u2019d love to make your event a culinary success. Please fill in the form below and we\u2019ll get back to you shortly. Chef Liran Tal and team cooking live in front of guests in an open kitchen Maigre fish kebab wrapped in vine leaves [&hellip;]<\/p>","protected":false},"author":1,"featured_media":779,"parent":0,"menu_order":0,"comment_status":"closed","ping_status":"closed","template":"elementor_canvas","meta":{"spay_email":""},"yoast_head":"<!-- This site is optimized with the Yoast SEO plugin v18.0 - https:\/\/yoast.com\/wordpress\/plugins\/seo\/ -->\n<title>Event Catering for Business &amp; Private Events &#8902; Chef Liran Tal<\/title>\n<meta name=\"description\" content=\"Whether it&#039;s a business cocktail or a wedding, make your event a culinary success with the creative Mediterranean catering by Chef Liran Tal.\" \/>\n<meta name=\"robots\" content=\"index, follow, max-snippet:-1, max-image-preview:large, max-video-preview:-1\" \/>\n<link rel=\"canonical\" href=\"https:\/\/cheflirantal.com\/fr\/traiteur\/\" \/>\n<meta property=\"og:locale\" content=\"fr_FR\" \/>\n<meta property=\"og:type\" content=\"article\" \/>\n<meta property=\"og:title\" content=\"Event Catering for Business &amp; Private Events &#8902; Chef Liran Tal\" \/>\n<meta property=\"og:description\" content=\"Whether it&#039;s a business cocktail or a wedding, make your event a culinary success with the creative Mediterranean catering by Chef Liran Tal.\" \/>\n<meta property=\"og:url\" content=\"https:\/\/cheflirantal.com\/fr\/traiteur\/\" \/>\n<meta property=\"og:site_name\" content=\"cheflirantal.com\" \/>\n<meta property=\"article:publisher\" content=\"https:\/\/www.facebook.com\/cheflirantal\/\" \/>\n<meta property=\"article:modified_time\" content=\"2020-07-22T20:23:36+00:00\" \/>\n<meta property=\"og:image\" content=\"https:\/\/cheflirantal.com\/wp-content\/uploads\/2020\/04\/Chef-Liran-Tal-catering-in-action-2.jpeg\" \/>\n\t<meta property=\"og:image:width\" content=\"1600\" \/>\n\t<meta property=\"og:image:height\" content=\"1066\" \/>\n\t<meta property=\"og:image:type\" content=\"image\/jpeg\" \/>\n<meta name=\"twitter:card\" content=\"summary_large_image\" \/>\n<meta name=\"twitter:label1\" content=\"Dur\u00e9e de lecture estim\u00e9e\" \/>\n\t<meta name=\"twitter:data1\" content=\"1 minute\" \/>\n<script type=\"application\/ld+json\" class=\"yoast-schema-graph\">{\"@context\":\"https:\/\/schema.org\",\"@graph\":[{\"@type\":\"Organization\",\"@id\":\"https:\/\/cheflirantal.com\/en\/#organization\",\"name\":\"Liran Tal Mediterranean Cuisine\",\"url\":\"https:\/\/cheflirantal.com\/en\/\",\"sameAs\":[\"https:\/\/www.facebook.com\/cheflirantal\/\",\"https:\/\/www.instagram.com\/cheflirantal\/\"],\"logo\":{\"@type\":\"ImageObject\",\"@id\":\"https:\/\/cheflirantal.com\/en\/#logo\",\"inLanguage\":\"fr-FR\",\"url\":\"\",\"contentUrl\":\"\",\"caption\":\"Liran Tal Mediterranean Cuisine\"},\"image\":{\"@id\":\"https:\/\/cheflirantal.com\/en\/#logo\"}},{\"@type\":\"WebSite\",\"@id\":\"https:\/\/cheflirantal.com\/en\/#website\",\"url\":\"https:\/\/cheflirantal.com\/en\/\",\"name\":\"Chef Liran Tal\",\"description\":\"\",\"publisher\":{\"@id\":\"https:\/\/cheflirantal.com\/en\/#organization\"},\"potentialAction\":[{\"@type\":\"SearchAction\",\"target\":{\"@type\":\"EntryPoint\",\"urlTemplate\":\"https:\/\/cheflirantal.com\/en\/?s={search_term_string}\"},\"query-input\":\"required name=search_term_string\"}],\"inLanguage\":\"fr-FR\"},{\"@type\":\"ImageObject\",\"@id\":\"https:\/\/cheflirantal.com\/en\/event-catering\/#primaryimage\",\"inLanguage\":\"fr-FR\",\"url\":\"https:\/\/cheflirantal.com\/wp-content\/uploads\/2020\/04\/Chef-Liran-Tal-catering-in-action-2.jpeg\",\"contentUrl\":\"https:\/\/cheflirantal.com\/wp-content\/uploads\/2020\/04\/Chef-Liran-Tal-catering-in-action-2.jpeg\",\"width\":1600,\"height\":1066,\"caption\":\"Chef Liran Tal and team cooking live in front of guests in an open kitchen\"},{\"@type\":\"WebPage\",\"@id\":\"https:\/\/cheflirantal.com\/en\/event-catering\/#webpage\",\"url\":\"https:\/\/cheflirantal.com\/en\/event-catering\/\",\"name\":\"Event Catering for Business & Private Events &#8902; Chef Liran Tal\",\"isPartOf\":{\"@id\":\"https:\/\/cheflirantal.com\/en\/#website\"},\"primaryImageOfPage\":{\"@id\":\"https:\/\/cheflirantal.com\/en\/event-catering\/#primaryimage\"},\"datePublished\":\"2020-04-23T14:11:59+00:00\",\"dateModified\":\"2020-07-22T20:23:36+00:00\",\"description\":\"Whether it's a business cocktail or a wedding, make your event a culinary success with the creative Mediterranean catering by Chef Liran Tal.\",\"breadcrumb\":{\"@id\":\"https:\/\/cheflirantal.com\/en\/event-catering\/#breadcrumb\"},\"inLanguage\":\"fr-FR\",\"potentialAction\":[{\"@type\":\"ReadAction\",\"target\":[\"https:\/\/cheflirantal.com\/en\/event-catering\/\"]}]},{\"@type\":\"BreadcrumbList\",\"@id\":\"https:\/\/cheflirantal.com\/en\/event-catering\/#breadcrumb\",\"itemListElement\":[{\"@type\":\"ListItem\",\"position\":1,\"name\":\"Home\",\"item\":\"https:\/\/cheflirantal.com\/en\/\"},{\"@type\":\"ListItem\",\"position\":2,\"name\":\"Event Catering\"}]}]}<\/script>\n<!-- \/ Yoast SEO plugin. -->","yoast_head_json":{"title":"Event Catering for Business & Private Events &#8902; Chef Liran Tal","description":"Whether it's a business cocktail or a wedding, make your event a culinary success with the creative Mediterranean catering by Chef Liran Tal.","robots":{"index":"index","follow":"follow","max-snippet":"max-snippet:-1","max-image-preview":"max-image-preview:large","max-video-preview":"max-video-preview:-1"},"canonical":"https:\/\/cheflirantal.com\/fr\/traiteur\/","og_locale":"fr_FR","og_type":"article","og_title":"Event Catering for Business & Private Events &#8902; Chef Liran Tal","og_description":"Whether it's a business cocktail or a wedding, make your event a culinary success with the creative Mediterranean catering by Chef Liran Tal.","og_url":"https:\/\/cheflirantal.com\/fr\/traiteur\/","og_site_name":"cheflirantal.com","article_publisher":"https:\/\/www.facebook.com\/cheflirantal\/","article_modified_time":"2020-07-22T20:23:36+00:00","og_image":[{"width":1600,"height":1066,"url":"https:\/\/cheflirantal.com\/wp-content\/uploads\/2020\/04\/Chef-Liran-Tal-catering-in-action-2.jpeg","type":"image\/jpeg"}],"twitter_card":"summary_large_image","twitter_misc":{"Dur\u00e9e de lecture estim\u00e9e":"1 minute"},"schema":{"@context":"https:\/\/schema.org","@graph":[{"@type":"Organization","@id":"https:\/\/cheflirantal.com\/en\/#organization","name":"Liran Tal Mediterranean Cuisine","url":"https:\/\/cheflirantal.com\/en\/","sameAs":["https:\/\/www.facebook.com\/cheflirantal\/","https:\/\/www.instagram.com\/cheflirantal\/"],"logo":{"@type":"ImageObject","@id":"https:\/\/cheflirantal.com\/en\/#logo","inLanguage":"fr-FR","url":"","contentUrl":"","caption":"Liran Tal Mediterranean Cuisine"},"image":{"@id":"https:\/\/cheflirantal.com\/en\/#logo"}},{"@type":"WebSite","@id":"https:\/\/cheflirantal.com\/en\/#website","url":"https:\/\/cheflirantal.com\/en\/","name":"Chef Liran Tal","description":"","publisher":{"@id":"https:\/\/cheflirantal.com\/en\/#organization"},"potentialAction":[{"@type":"SearchAction","target":{"@type":"EntryPoint","urlTemplate":"https:\/\/cheflirantal.com\/en\/?s={search_term_string}"},"query-input":"required name=search_term_string"}],"inLanguage":"fr-FR"},{"@type":"ImageObject","@id":"https:\/\/cheflirantal.com\/en\/event-catering\/#primaryimage","inLanguage":"fr-FR","url":"https:\/\/cheflirantal.com\/wp-content\/uploads\/2020\/04\/Chef-Liran-Tal-catering-in-action-2.jpeg","contentUrl":"https:\/\/cheflirantal.com\/wp-content\/uploads\/2020\/04\/Chef-Liran-Tal-catering-in-action-2.jpeg","width":1600,"height":1066,"caption":"Chef Liran Tal and team cooking live in front of guests in an open kitchen"},{"@type":"WebPage","@id":"https:\/\/cheflirantal.com\/en\/event-catering\/#webpage","url":"https:\/\/cheflirantal.com\/en\/event-catering\/","name":"Event Catering for Business & Private Events &#8902; Chef Liran Tal","isPartOf":{"@id":"https:\/\/cheflirantal.com\/en\/#website"},"primaryImageOfPage":{"@id":"https:\/\/cheflirantal.com\/en\/event-catering\/#primaryimage"},"datePublished":"2020-04-23T14:11:59+00:00","dateModified":"2020-07-22T20:23:36+00:00","description":"Whether it's a business cocktail or a wedding, make your event a culinary success with the creative Mediterranean catering by Chef Liran Tal.","breadcrumb":{"@id":"https:\/\/cheflirantal.com\/en\/event-catering\/#breadcrumb"},"inLanguage":"fr-FR","potentialAction":[{"@type":"ReadAction","target":["https:\/\/cheflirantal.com\/en\/event-catering\/"]}]},{"@type":"BreadcrumbList","@id":"https:\/\/cheflirantal.com\/en\/event-catering\/#breadcrumb","itemListElement":[{"@type":"ListItem","position":1,"name":"Home","item":"https:\/\/cheflirantal.com\/en\/"},{"@type":"ListItem","position":2,"name":"Event Catering"}]}]}},"_links":{"self":[{"href":"https:\/\/cheflirantal.com\/fr\/wp-json\/wp\/v2\/pages\/670"}],"collection":[{"href":"https:\/\/cheflirantal.com\/fr\/wp-json\/wp\/v2\/pages"}],"about":[{"href":"https:\/\/cheflirantal.com\/fr\/wp-json\/wp\/v2\/types\/page"}],"author":[{"embeddable":true,"href":"https:\/\/cheflirantal.com\/fr\/wp-json\/wp\/v2\/users\/1"}],"replies":[{"embeddable":true,"href":"https:\/\/cheflirantal.com\/fr\/wp-json\/wp\/v2\/comments?post=670"}],"version-history":[{"count":1,"href":"https:\/\/cheflirantal.com\/fr\/wp-json\/wp\/v2\/pages\/670\/revisions"}],"predecessor-version":[{"id":1185,"href":"https:\/\/cheflirantal.com\/fr\/wp-json\/wp\/v2\/pages\/670\/revisions\/1185"}],"wp:featuredmedia":[{"embeddable":true,"href":"https:\/\/cheflirantal.com\/fr\/wp-json\/wp\/v2\/media\/779"}],"wp:attachment":[{"href":"https:\/\/cheflirantal.com\/fr\/wp-json\/wp\/v2\/media?parent=670"}],"curies":[{"name":"wp","href":"https:\/\/api.w.org\/{rel}","templated":true}]}}