{"id":578,"date":"2020-03-11T09:39:48","date_gmt":"2020-03-11T09:39:48","guid":{"rendered":"https:\/\/cheflirantal.com\/?page_id=578"},"modified":"2020-07-21T14:58:21","modified_gmt":"2020-07-21T14:58:21","slug":"culinary-consulting","status":"publish","type":"page","link":"https:\/\/cheflirantal.com\/fr\/conseil-culinaire\/","title":{"rendered":"Conseil Culinaire"},"content":{"rendered":"<div data-elementor-type=\"wp-page\" data-elementor-id=\"578\" class=\"elementor elementor-578\" data-elementor-settings=\"[]\">\n\t\t\t\t\t\t<div class=\"elementor-inner\">\n\t\t\t\t\t\t\t<div class=\"elementor-section-wrap\">\n\t\t\t\t\t\t\t<section class=\"elementor-section elementor-top-section elementor-element elementor-element-59fc034 elementor-section-boxed elementor-section-height-default elementor-section-height-default\" data-id=\"59fc034\" data-element_type=\"section\">\n\t\t\t\t\t\t<div class=\"elementor-container elementor-column-gap-default\">\n\t\t\t\t\t\t\t<div class=\"elementor-row\">\n\t\t\t\t\t<div class=\"elementor-column elementor-col-100 elementor-top-column elementor-element elementor-element-451bdea\" data-id=\"451bdea\" data-element_type=\"column\">\n\t\t\t<div class=\"elementor-column-wrap elementor-element-populated\">\n\t\t\t\t\t\t\t<div class=\"elementor-widget-wrap\">\n\t\t\t\t\t\t<div class=\"elementor-element elementor-element-9cdda87 elementor-widget__width-initial elementor-widget elementor-widget-text-editor\" data-id=\"9cdda87\" data-element_type=\"widget\" data-widget_type=\"text-editor.default\">\n\t\t\t\t<div class=\"elementor-widget-container\">\n\t\t\t\t\t\t\t\t<div class=\"elementor-text-editor elementor-clearfix\">\n\t\t\t\t<p>La culture mill\u00e9naire et les m\u00e9dias sociaux ont transform\u00e9 l'industrie de la restauration. Alors que les tendances et la demande \u00e9voluent \u00e0 grande vitesse, les propri\u00e9taires d'entreprise doivent continuellement innover et r\u00e9inventer leur offre pour suivre la concurrence dans un march\u00e9 en constante \u00e9volution.<\/p><p>Pour r\u00e9ussir dans le secteur alimentaire, les plats instagrammables ne suffisent pas; les restaurateurs doivent trouver le bon \u00e9quilibre entre qualit\u00e9, go\u00fbt et co\u00fbts, tout en garantissant une exp\u00e9rience client irr\u00e9prochable.<\/p><p>Adapt\u00e9 \u00e0 vos besoins sp\u00e9cifiques, notre service de conseil culinaire peut vous assister dans tous les aspects culinaires de votre entreprise:<\/p><ul><li>Cr\u00e9ation, am\u00e9lioration et renouvellement de menu<\/li><li>Optimisation de la cha\u00eene de valeur (approche \u00abz\u00e9ro d\u00e9chet\u00bb)<\/li><li>Sourcing d'ingr\u00e9dients et fournisseurs<\/li><li>Planification de l'am\u00e9nagement de la cuisine<\/li><li>Formation du personnel<\/li><\/ul><div>Pour en savoir plus, veuillez remplir le formulaire ci-dessous et nous vous contacterons rapidement.<\/div>\t\t\t\t\t<\/div>\n\t\t\t\t\t\t<\/div>\n\t\t\t\t<\/div>\n\t\t\t\t\t\t<\/div>\n\t\t\t\t\t<\/div>\n\t\t<\/div>\n\t\t\t\t\t\t\t\t<\/div>\n\t\t\t\t\t<\/div>\n\t\t<\/section>\n\t\t\t\t<section class=\"elementor-section elementor-top-section elementor-element elementor-element-86d732c elementor-section-content-middle elementor-section-boxed elementor-section-height-default elementor-section-height-default\" data-id=\"86d732c\" data-element_type=\"section\">\n\t\t\t\t\t\t<div class=\"elementor-container elementor-column-gap-default\">\n\t\t\t\t\t\t\t<div class=\"elementor-row\">\n\t\t\t\t\t<div class=\"elementor-column elementor-col-100 elementor-top-column elementor-element elementor-element-0b011e5\" data-id=\"0b011e5\" data-element_type=\"column\">\n\t\t\t<div class=\"elementor-column-wrap elementor-element-populated\">\n\t\t\t\t\t\t\t<div class=\"elementor-widget-wrap\">\n\t\t\t\t\t\t<div class=\"elementor-element elementor-element-656de05 elementor-widget__width-auto elementor-widget elementor-widget-image\" data-id=\"656de05\" data-element_type=\"widget\" data-widget_type=\"image.default\">\n\t\t\t\t<div class=\"elementor-widget-container\">\n\t\t\t\t\t\t\t\t<div class=\"elementor-image\">\n\t\t\t\t\t\t\t\t\t\t\t\t<img width=\"150\" height=\"150\" src=\"https:\/\/cheflirantal.com\/wp-content\/uploads\/2020\/03\/la-mere-pouchet-logo-150x150.jpg\" class=\"attachment-thumbnail size-thumbnail\" alt=\"la mere pouchet Paris\" srcset=\"https:\/\/cheflirantal.com\/wp-content\/uploads\/2020\/03\/la-mere-pouchet-logo-150x150.jpg 150w, https:\/\/cheflirantal.com\/wp-content\/uploads\/2020\/03\/la-mere-pouchet-logo-100x100.jpg 100w, https:\/\/cheflirantal.com\/wp-content\/uploads\/2020\/03\/la-mere-pouchet-logo.jpg 200w\" sizes=\"(max-width: 150px) 100vw, 150px\" \/>\t\t\t\t\t\t\t\t\t\t\t\t\t\t<\/div>\n\t\t\t\t\t\t<\/div>\n\t\t\t\t<\/div>\n\t\t\t\t<div class=\"elementor-element elementor-element-ddb48eb elementor-widget__width-auto elementor-widget elementor-widget-image\" data-id=\"ddb48eb\" data-element_type=\"widget\" data-widget_type=\"image.default\">\n\t\t\t\t<div class=\"elementor-widget-container\">\n\t\t\t\t\t\t\t\t<div class=\"elementor-image\">\n\t\t\t\t\t\t\t\t\t\t\t\t<img width=\"150\" height=\"150\" src=\"https:\/\/cheflirantal.com\/wp-content\/uploads\/2020\/03\/petit-navire-logo-150x150.png\" class=\"attachment-thumbnail size-thumbnail\" alt=\"restaurant petit navire Paris\" srcset=\"https:\/\/cheflirantal.com\/wp-content\/uploads\/2020\/03\/petit-navire-logo-150x150.png 150w, https:\/\/cheflirantal.com\/wp-content\/uploads\/2020\/03\/petit-navire-logo-100x100.png 100w, https:\/\/cheflirantal.com\/wp-content\/uploads\/2020\/03\/petit-navire-logo.png 200w\" sizes=\"(max-width: 150px) 100vw, 150px\" \/>\t\t\t\t\t\t\t\t\t\t\t\t\t\t<\/div>\n\t\t\t\t\t\t<\/div>\n\t\t\t\t<\/div>\n\t\t\t\t<div class=\"elementor-element elementor-element-80afa61 elementor-widget__width-auto elementor-widget elementor-widget-image\" data-id=\"80afa61\" data-element_type=\"widget\" data-widget_type=\"image.default\">\n\t\t\t\t<div class=\"elementor-widget-container\">\n\t\t\t\t\t\t\t\t<div class=\"elementor-image\">\n\t\t\t\t\t\t\t\t\t\t\t\t<img width=\"150\" height=\"150\" src=\"https:\/\/cheflirantal.com\/wp-content\/uploads\/2020\/03\/Chiche-Paris-Logo-150x150.png\" class=\"attachment-thumbnail size-thumbnail\" alt=\"Chiche Paris logo\" srcset=\"https:\/\/cheflirantal.com\/wp-content\/uploads\/2020\/03\/Chiche-Paris-Logo-150x150.png 150w, https:\/\/cheflirantal.com\/wp-content\/uploads\/2020\/03\/Chiche-Paris-Logo-100x100.png 100w, https:\/\/cheflirantal.com\/wp-content\/uploads\/2020\/03\/Chiche-Paris-Logo.png 200w\" sizes=\"(max-width: 150px) 100vw, 150px\" \/>\t\t\t\t\t\t\t\t\t\t\t\t\t\t<\/div>\n\t\t\t\t\t\t<\/div>\n\t\t\t\t<\/div>\n\t\t\t\t\t\t<\/div>\n\t\t\t\t\t<\/div>\n\t\t<\/div>\n\t\t\t\t\t\t\t\t<\/div>\n\t\t\t\t\t<\/div>\n\t\t<\/section>\n\t\t\t\t<section class=\"elementor-section elementor-top-section elementor-element elementor-element-ffb2401 elementor-section-boxed elementor-section-height-default elementor-section-height-default\" data-id=\"ffb2401\" data-element_type=\"section\">\n\t\t\t\t\t\t<div class=\"elementor-container elementor-column-gap-default\">\n\t\t\t\t\t\t\t<div class=\"elementor-row\">\n\t\t\t\t\t<div class=\"elementor-column elementor-col-100 elementor-top-column elementor-element elementor-element-5852719\" data-id=\"5852719\" data-element_type=\"column\">\n\t\t\t<div class=\"elementor-column-wrap elementor-element-populated\">\n\t\t\t\t\t\t\t<div class=\"elementor-widget-wrap\">\n\t\t\t\t\t\t<div class=\"elementor-element elementor-element-524cd1e elementor-widget elementor-widget-shortcode\" data-id=\"524cd1e\" data-element_type=\"widget\" data-widget_type=\"shortcode.default\">\n\t\t\t\t<div class=\"elementor-widget-container\">\n\t\t\t\t\t<div class=\"elementor-shortcode\"><div role=\"form\" class=\"wpcf7\" id=\"wpcf7-f518-o1\" lang=\"en-US\" dir=\"ltr\">\n<div class=\"screen-reader-response\"><p role=\"status\" aria-live=\"polite\" aria-atomic=\"true\"><\/p> <ul><\/ul><\/div>\n<form action=\"\/fr\/wp-json\/wp\/v2\/pages\/578#wpcf7-f518-o1\" method=\"post\" class=\"wpcf7-form init\" novalidate=\"novalidate\" data-status=\"init\" data-trp-original-action=\"\/fr\/wp-json\/wp\/v2\/pages\/578#wpcf7-f518-o1\">\n<div style=\"display: none;\">\n<input type=\"hidden\" name=\"_wpcf7\" value=\"518\" \/>\n<input type=\"hidden\" name=\"_wpcf7_version\" value=\"5.5.4\" \/>\n<input type=\"hidden\" name=\"_wpcf7_locale\" value=\"en_US\" \/>\n<input type=\"hidden\" name=\"_wpcf7_unit_tag\" value=\"wpcf7-f518-o1\" \/>\n<input type=\"hidden\" name=\"_wpcf7_container_post\" value=\"0\" \/>\n<input type=\"hidden\" name=\"_wpcf7_posted_data_hash\" value=\"\" \/>\n<input type=\"hidden\" name=\"_wpcf7_recaptcha_response\" value=\"\" \/>\n<\/div>\n<p><label> Pr\u00e9nom &amp; Nom<br \/>\n    <span class=\"wpcf7-form-control-wrap your-name\"><input type=\"text\" name=\"your-name\" value=\"\" size=\"40\" class=\"wpcf7-form-control wpcf7-text wpcf7-validates-as-required\" id=\"name\" aria-required=\"true\" aria-invalid=\"false\" \/><\/span> <\/label><\/p>\n<p><label> Email<br \/>\n    <span class=\"wpcf7-form-control-wrap your-email\"><input type=\"email\" name=\"your-email\" value=\"\" size=\"40\" class=\"wpcf7-form-control wpcf7-text wpcf7-email wpcf7-validates-as-required wpcf7-validates-as-email\" id=\"email\" aria-required=\"true\" aria-invalid=\"false\" \/><\/span> <\/label><\/p>\n<p><label> T\u00e9l\u00e9phone<br \/>\n <span class=\"wpcf7-form-control-wrap mc4wp-Phone\"><input type=\"number\" name=\"mc4wp-Phone\" value=\"\" class=\"wpcf7-form-control wpcf7-number wpcf7-validates-as-number\" id=\"phone\" aria-invalid=\"false\" \/><\/span><\/label><\/p>\n<p><label> Soci\u00e9t\u00e9<br \/>\n<span class=\"wpcf7-form-control-wrap mc4wp-Company\"><input type=\"text\" name=\"mc4wp-Company\" value=\"\" size=\"40\" class=\"wpcf7-form-control wpcf7-text\" id=\"company\" aria-invalid=\"false\" \/><\/span> <\/label><\/p>\n<p><label> Information additionnelle<br \/>\n    <span class=\"wpcf7-form-control-wrap your-message\"><textarea name=\"your-message\" cols=\"40\" rows=\"10\" class=\"wpcf7-form-control wpcf7-textarea\" aria-invalid=\"false\"><\/textarea><\/span> <\/label><\/p>\n<p><!--<span class=\"wpcf7-form-control-wrap Newsletter\"><span class=\"wpcf7-form-control wpcf7-acceptance optional\"><span class=\"wpcf7-list-item\"><label><input type=\"checkbox\" name=\"Newsletter\" value=\"1\" aria-invalid=\"false\" \/><span class=\"wpcf7-list-item-label\">Sign me up for news, updates and (delicious) recipes<\/span><\/label><\/span><\/span><\/span>--><\/p>\n<p><!-- Mailchimp for WordPress v4.8.10 - https:\/\/www.mc4wp.com\/ --><input type=\"hidden\" name=\"_mc4wp_subscribe_contact-form-7\" value=\"0\" \/><span class=\"mc4wp-checkbox mc4wp-checkbox-contact-form-7\" ><label><input type=\"checkbox\" name=\"_mc4wp_subscribe_contact-form-7\" value=\"1\"  \/><span>Inscrivez-moi au newsletter pour recevoir des nouvelles, des recettes et des astuces culinaires exclusifs.<\/span><\/label><\/span><!-- \/ Mailchimp for WordPress --><\/p>\n<p><input type=\"submit\" value=\"Envoyer\" class=\"wpcf7-form-control has-spinner wpcf7-submit\" \/><\/p>\n<p style=\"display: none !important;\"><label>&#916;<textarea name=\"_wpcf7_ak_hp_textarea\" cols=\"45\" rows=\"8\" maxlength=\"100\"><\/textarea><\/label><input type=\"hidden\" id=\"ak_js_1\" name=\"_wpcf7_ak_js\" value=\"36\"\/><script>document.getElementById( \"ak_js_1\" ).setAttribute( \"value\", ( new Date() ).getTime() );<\/script><\/p><input type='hidden' class='wpcf7-pum' value='{\"closepopup\":false,\"closedelay\":0,\"openpopup\":false,\"openpopup_id\":0}' \/><div class=\"wpcf7-response-output\" aria-hidden=\"true\"><\/div><input type=\"hidden\" name=\"trp-form-language\" value=\"fr\"\/><\/form><\/div>\n<\/div>\n\t\t\t\t<\/div>\n\t\t\t\t<\/div>\n\t\t\t\t\t\t<\/div>\n\t\t\t\t\t<\/div>\n\t\t<\/div>\n\t\t\t\t\t\t\t\t<\/div>\n\t\t\t\t\t<\/div>\n\t\t<\/section>\n\t\t\t\t<section class=\"elementor-section elementor-top-section elementor-element elementor-element-43f74d6 elementor-section-boxed elementor-section-height-default elementor-section-height-default\" data-id=\"43f74d6\" data-element_type=\"section\">\n\t\t\t\t\t\t<div class=\"elementor-container elementor-column-gap-default\">\n\t\t\t\t\t\t\t<div class=\"elementor-row\">\n\t\t\t\t\t<div class=\"elementor-column elementor-col-100 elementor-top-column elementor-element elementor-element-a79913b\" data-id=\"a79913b\" data-element_type=\"column\">\n\t\t\t<div class=\"elementor-column-wrap\">\n\t\t\t\t\t\t\t<div class=\"elementor-widget-wrap\">\n\t\t\t\t\t\t\t\t<\/div>\n\t\t\t\t\t<\/div>\n\t\t<\/div>\n\t\t\t\t\t\t\t\t<\/div>\n\t\t\t\t\t<\/div>\n\t\t<\/section>\n\t\t\t\t\t\t<\/div>\n\t\t\t\t\t\t<\/div>\n\t\t\t\t\t<\/div>","protected":false},"excerpt":{"rendered":"<p>Millennial culture and social media have transformed the food and beverage industry. As trends and demand shift at super speed, business owners must continuously innovate and reinvent their offer to keep up with competition in a constantly evolving market. To succeed in the food business, instagrammable dishes are not enough; restaurateurs need to hit the [&hellip;]<\/p>","protected":false},"author":1,"featured_media":1127,"parent":0,"menu_order":0,"comment_status":"closed","ping_status":"closed","template":"elementor_canvas","meta":{"spay_email":""},"yoast_head":"<!-- This site is optimized with the Yoast SEO plugin v18.0 - https:\/\/yoast.com\/wordpress\/plugins\/seo\/ -->\n<title>Culinary Consulting for restaurants, caf\u00e9s &amp; bars &#8902; Chef Liran Tal<\/title>\n<meta name=\"description\" content=\"Add a Mediterranean touch to your culinary offer with our culinary consulting service, already employed by critically acclaimed restaurants in Paris.\" \/>\n<meta name=\"robots\" content=\"index, follow, max-snippet:-1, max-image-preview:large, max-video-preview:-1\" \/>\n<link rel=\"canonical\" href=\"https:\/\/cheflirantal.com\/fr\/conseil-culinaire\/\" \/>\n<meta property=\"og:locale\" content=\"fr_FR\" \/>\n<meta property=\"og:type\" content=\"article\" \/>\n<meta property=\"og:title\" content=\"Culinary Consulting for restaurants, caf\u00e9s &amp; bars &#8902; Chef Liran Tal\" \/>\n<meta property=\"og:description\" content=\"Add a Mediterranean touch to your culinary offer with our culinary consulting service, already employed by critically acclaimed restaurants in Paris.\" \/>\n<meta property=\"og:url\" content=\"https:\/\/cheflirantal.com\/fr\/conseil-culinaire\/\" \/>\n<meta property=\"og:site_name\" content=\"cheflirantal.com\" \/>\n<meta property=\"article:publisher\" content=\"https:\/\/www.facebook.com\/cheflirantal\/\" \/>\n<meta property=\"article:modified_time\" content=\"2020-07-21T14:58:21+00:00\" \/>\n<meta property=\"og:image\" content=\"https:\/\/cheflirantal.com\/wp-content\/uploads\/2020\/06\/Liran-Tal-Chef-priv\u00e9.jpeg\" \/>\n\t<meta property=\"og:image:width\" content=\"1080\" \/>\n\t<meta property=\"og:image:height\" content=\"720\" \/>\n\t<meta property=\"og:image:type\" content=\"image\/jpeg\" \/>\n<meta name=\"twitter:card\" content=\"summary_large_image\" \/>\n<meta name=\"twitter:label1\" content=\"Dur\u00e9e de lecture estim\u00e9e\" \/>\n\t<meta name=\"twitter:data1\" content=\"1 minute\" \/>\n<script type=\"application\/ld+json\" class=\"yoast-schema-graph\">{\"@context\":\"https:\/\/schema.org\",\"@graph\":[{\"@type\":\"Organization\",\"@id\":\"https:\/\/cheflirantal.com\/en\/#organization\",\"name\":\"Liran Tal Mediterranean Cuisine\",\"url\":\"https:\/\/cheflirantal.com\/en\/\",\"sameAs\":[\"https:\/\/www.facebook.com\/cheflirantal\/\",\"https:\/\/www.instagram.com\/cheflirantal\/\"],\"logo\":{\"@type\":\"ImageObject\",\"@id\":\"https:\/\/cheflirantal.com\/en\/#logo\",\"inLanguage\":\"fr-FR\",\"url\":\"\",\"contentUrl\":\"\",\"caption\":\"Liran Tal Mediterranean Cuisine\"},\"image\":{\"@id\":\"https:\/\/cheflirantal.com\/en\/#logo\"}},{\"@type\":\"WebSite\",\"@id\":\"https:\/\/cheflirantal.com\/en\/#website\",\"url\":\"https:\/\/cheflirantal.com\/en\/\",\"name\":\"Chef Liran Tal\",\"description\":\"\",\"publisher\":{\"@id\":\"https:\/\/cheflirantal.com\/en\/#organization\"},\"potentialAction\":[{\"@type\":\"SearchAction\",\"target\":{\"@type\":\"EntryPoint\",\"urlTemplate\":\"https:\/\/cheflirantal.com\/en\/?s={search_term_string}\"},\"query-input\":\"required name=search_term_string\"}],\"inLanguage\":\"fr-FR\"},{\"@type\":\"ImageObject\",\"@id\":\"https:\/\/cheflirantal.com\/fr\/conseil-culinaire\/#primaryimage\",\"inLanguage\":\"fr-FR\",\"url\":\"https:\/\/cheflirantal.com\/wp-content\/uploads\/2020\/06\/Liran-Tal-Chef-priv\u00e9.jpeg\",\"contentUrl\":\"https:\/\/cheflirantal.com\/wp-content\/uploads\/2020\/06\/Liran-Tal-Chef-priv\u00e9.jpeg\",\"width\":1080,\"height\":720,\"caption\":\"Liran Tal Chef priv\u00e9\"},{\"@type\":\"WebPage\",\"@id\":\"https:\/\/cheflirantal.com\/fr\/conseil-culinaire\/#webpage\",\"url\":\"https:\/\/cheflirantal.com\/fr\/conseil-culinaire\/\",\"name\":\"Culinary Consulting for restaurants, caf\u00e9s & bars &#8902; Chef Liran Tal\",\"isPartOf\":{\"@id\":\"https:\/\/cheflirantal.com\/en\/#website\"},\"primaryImageOfPage\":{\"@id\":\"https:\/\/cheflirantal.com\/fr\/conseil-culinaire\/#primaryimage\"},\"datePublished\":\"2020-03-11T09:39:48+00:00\",\"dateModified\":\"2020-07-21T14:58:21+00:00\",\"description\":\"Add a Mediterranean touch to your culinary offer with our culinary consulting service, already employed by critically acclaimed restaurants in Paris.\",\"breadcrumb\":{\"@id\":\"https:\/\/cheflirantal.com\/fr\/conseil-culinaire\/#breadcrumb\"},\"inLanguage\":\"fr-FR\",\"potentialAction\":[{\"@type\":\"ReadAction\",\"target\":[\"https:\/\/cheflirantal.com\/fr\/conseil-culinaire\/\"]}]},{\"@type\":\"BreadcrumbList\",\"@id\":\"https:\/\/cheflirantal.com\/fr\/conseil-culinaire\/#breadcrumb\",\"itemListElement\":[{\"@type\":\"ListItem\",\"position\":1,\"name\":\"Home\",\"item\":\"https:\/\/cheflirantal.com\/en\/\"},{\"@type\":\"ListItem\",\"position\":2,\"name\":\"Culinary Consulting\"}]}]}<\/script>\n<!-- \/ Yoast SEO plugin. -->","yoast_head_json":{"title":"Culinary Consulting for restaurants, caf\u00e9s & bars &#8902; Chef Liran Tal","description":"Add a Mediterranean touch to your culinary offer with our culinary consulting service, already employed by critically acclaimed restaurants in Paris.","robots":{"index":"index","follow":"follow","max-snippet":"max-snippet:-1","max-image-preview":"max-image-preview:large","max-video-preview":"max-video-preview:-1"},"canonical":"https:\/\/cheflirantal.com\/fr\/conseil-culinaire\/","og_locale":"fr_FR","og_type":"article","og_title":"Culinary Consulting for restaurants, caf\u00e9s & bars &#8902; Chef Liran Tal","og_description":"Add a Mediterranean touch to your culinary offer with our culinary consulting service, already employed by critically acclaimed restaurants in Paris.","og_url":"https:\/\/cheflirantal.com\/fr\/conseil-culinaire\/","og_site_name":"cheflirantal.com","article_publisher":"https:\/\/www.facebook.com\/cheflirantal\/","article_modified_time":"2020-07-21T14:58:21+00:00","og_image":[{"width":1080,"height":720,"url":"https:\/\/cheflirantal.com\/wp-content\/uploads\/2020\/06\/Liran-Tal-Chef-priv\u00e9.jpeg","type":"image\/jpeg"}],"twitter_card":"summary_large_image","twitter_misc":{"Dur\u00e9e de lecture estim\u00e9e":"1 minute"},"schema":{"@context":"https:\/\/schema.org","@graph":[{"@type":"Organization","@id":"https:\/\/cheflirantal.com\/en\/#organization","name":"Liran Tal Mediterranean Cuisine","url":"https:\/\/cheflirantal.com\/en\/","sameAs":["https:\/\/www.facebook.com\/cheflirantal\/","https:\/\/www.instagram.com\/cheflirantal\/"],"logo":{"@type":"ImageObject","@id":"https:\/\/cheflirantal.com\/en\/#logo","inLanguage":"fr-FR","url":"","contentUrl":"","caption":"Liran Tal Mediterranean Cuisine"},"image":{"@id":"https:\/\/cheflirantal.com\/en\/#logo"}},{"@type":"WebSite","@id":"https:\/\/cheflirantal.com\/en\/#website","url":"https:\/\/cheflirantal.com\/en\/","name":"Chef Liran Tal","description":"","publisher":{"@id":"https:\/\/cheflirantal.com\/en\/#organization"},"potentialAction":[{"@type":"SearchAction","target":{"@type":"EntryPoint","urlTemplate":"https:\/\/cheflirantal.com\/en\/?s={search_term_string}"},"query-input":"required name=search_term_string"}],"inLanguage":"fr-FR"},{"@type":"ImageObject","@id":"https:\/\/cheflirantal.com\/fr\/conseil-culinaire\/#primaryimage","inLanguage":"fr-FR","url":"https:\/\/cheflirantal.com\/wp-content\/uploads\/2020\/06\/Liran-Tal-Chef-priv\u00e9.jpeg","contentUrl":"https:\/\/cheflirantal.com\/wp-content\/uploads\/2020\/06\/Liran-Tal-Chef-priv\u00e9.jpeg","width":1080,"height":720,"caption":"Liran Tal Chef priv\u00e9"},{"@type":"WebPage","@id":"https:\/\/cheflirantal.com\/fr\/conseil-culinaire\/#webpage","url":"https:\/\/cheflirantal.com\/fr\/conseil-culinaire\/","name":"Culinary Consulting for restaurants, caf\u00e9s & bars &#8902; Chef Liran Tal","isPartOf":{"@id":"https:\/\/cheflirantal.com\/en\/#website"},"primaryImageOfPage":{"@id":"https:\/\/cheflirantal.com\/fr\/conseil-culinaire\/#primaryimage"},"datePublished":"2020-03-11T09:39:48+00:00","dateModified":"2020-07-21T14:58:21+00:00","description":"Add a Mediterranean touch to your culinary offer with our culinary consulting service, already employed by critically acclaimed restaurants in Paris.","breadcrumb":{"@id":"https:\/\/cheflirantal.com\/fr\/conseil-culinaire\/#breadcrumb"},"inLanguage":"fr-FR","potentialAction":[{"@type":"ReadAction","target":["https:\/\/cheflirantal.com\/fr\/conseil-culinaire\/"]}]},{"@type":"BreadcrumbList","@id":"https:\/\/cheflirantal.com\/fr\/conseil-culinaire\/#breadcrumb","itemListElement":[{"@type":"ListItem","position":1,"name":"Home","item":"https:\/\/cheflirantal.com\/en\/"},{"@type":"ListItem","position":2,"name":"Culinary Consulting"}]}]}},"_links":{"self":[{"href":"https:\/\/cheflirantal.com\/fr\/wp-json\/wp\/v2\/pages\/578"}],"collection":[{"href":"https:\/\/cheflirantal.com\/fr\/wp-json\/wp\/v2\/pages"}],"about":[{"href":"https:\/\/cheflirantal.com\/fr\/wp-json\/wp\/v2\/types\/page"}],"author":[{"embeddable":true,"href":"https:\/\/cheflirantal.com\/fr\/wp-json\/wp\/v2\/users\/1"}],"replies":[{"embeddable":true,"href":"https:\/\/cheflirantal.com\/fr\/wp-json\/wp\/v2\/comments?post=578"}],"version-history":[{"count":1,"href":"https:\/\/cheflirantal.com\/fr\/wp-json\/wp\/v2\/pages\/578\/revisions"}],"predecessor-version":[{"id":1184,"href":"https:\/\/cheflirantal.com\/fr\/wp-json\/wp\/v2\/pages\/578\/revisions\/1184"}],"wp:featuredmedia":[{"embeddable":true,"href":"https:\/\/cheflirantal.com\/fr\/wp-json\/wp\/v2\/media\/1127"}],"wp:attachment":[{"href":"https:\/\/cheflirantal.com\/fr\/wp-json\/wp\/v2\/media?parent=578"}],"curies":[{"name":"wp","href":"https:\/\/api.w.org\/{rel}","templated":true}]}}