{"id":11,"date":"2016-07-20T16:59:46","date_gmt":"2016-07-20T16:59:46","guid":{"rendered":"http:\/\/demo.hashthemes.com\/total\/?page_id=11"},"modified":"2020-06-22T10:21:58","modified_gmt":"2020-06-22T10:21:58","slug":"about-us","status":"publish","type":"page","link":"https:\/\/cheflirantal.com\/fr\/le-chef\/","title":{"rendered":"Le chef"},"content":{"rendered":"<div data-elementor-type=\"wp-page\" data-elementor-id=\"11\" class=\"elementor elementor-11\" data-elementor-settings=\"[]\">\n\t\t\t\t\t\t<div class=\"elementor-inner\">\n\t\t\t\t\t\t\t<div class=\"elementor-section-wrap\">\n\t\t\t\t\t\t\t<section class=\"elementor-section elementor-top-section elementor-element elementor-element-2349e179 elementor-section-boxed elementor-section-height-default elementor-section-height-default\" data-id=\"2349e179\" data-element_type=\"section\">\n\t\t\t\t\t\t<div class=\"elementor-container elementor-column-gap-default\">\n\t\t\t\t\t\t\t<div class=\"elementor-row\">\n\t\t\t\t\t<div class=\"elementor-column elementor-col-100 elementor-top-column elementor-element elementor-element-38ac783a\" data-id=\"38ac783a\" data-element_type=\"column\">\n\t\t\t<div class=\"elementor-column-wrap elementor-element-populated\">\n\t\t\t\t\t\t\t<div class=\"elementor-widget-wrap\">\n\t\t\t\t\t\t<section class=\"elementor-section elementor-inner-section elementor-element elementor-element-5ad8b7bf elementor-section-boxed elementor-section-height-default elementor-section-height-default\" data-id=\"5ad8b7bf\" data-element_type=\"section\">\n\t\t\t\t\t\t<div class=\"elementor-container elementor-column-gap-default\">\n\t\t\t\t\t\t\t<div class=\"elementor-row\">\n\t\t\t\t\t<div class=\"elementor-column elementor-col-50 elementor-inner-column elementor-element elementor-element-5c85bb14\" data-id=\"5c85bb14\" data-element_type=\"column\">\n\t\t\t<div class=\"elementor-column-wrap elementor-element-populated\">\n\t\t\t\t\t\t\t<div class=\"elementor-widget-wrap\">\n\t\t\t\t\t\t<div class=\"elementor-element elementor-element-7cccd45f elementor-hidden-desktop elementor-hidden-tablet elementor-hidden-phone elementor-widget elementor-widget-heading\" data-id=\"7cccd45f\" data-element_type=\"widget\" data-widget_type=\"heading.default\">\n\t\t\t\t<div class=\"elementor-widget-container\">\n\t\t\t<h1 class=\"elementor-heading-title elementor-size-default\">A Taste of Tel Aviv in Paris<\/h1>\t\t<\/div>\n\t\t\t\t<\/div>\n\t\t\t\t<div class=\"elementor-element elementor-element-294895cd elementor-widget elementor-widget-text-editor\" data-id=\"294895cd\" data-element_type=\"widget\" data-widget_type=\"text-editor.default\">\n\t\t\t\t<div class=\"elementor-widget-container\">\n\t\t\t\t\t\t\t\t<div class=\"elementor-text-editor elementor-clearfix\">\n\t\t\t\t<p>N\u00e9 et \u00e9lev\u00e9 \u00e0 Tel Aviv, la carri\u00e8re de Liran remonte \u00e0 son adolescence, quand il a obtenu son premier emploi dans un restaurant. Passionn\u00e9e par la cr\u00e9ation d'exp\u00e9riences culinaires originales, la cuisine de Liran combine des ingr\u00e9dients locaux de saison avec des influences m\u00e9diterran\u00e9ennes et des techniques qui proviennent de cuisines du monde entier.<\/p>\n<p>En plus d'\u00eatre le chef de l'ambassadrice d'Isra\u00ebl \u00e0 Paris, Liran a travaill\u00e9 ces derni\u00e8res ann\u00e9es dans des restaurants parisiens tendances tels que Balagan et <i>Dersou<\/i>et \u00e0 conseill\u00e9 de nombreux restaurants d'inspiration m\u00e9diterran\u00e9enne, y compris <i>Chiche<\/i>, <i>Baba<\/i> et <i>Petit Navire<\/i>.<\/p>\t\t\t\t\t<\/div>\n\t\t\t\t\t\t<\/div>\n\t\t\t\t<\/div>\n\t\t\t\t\t\t<\/div>\n\t\t\t\t\t<\/div>\n\t\t<\/div>\n\t\t\t\t<div class=\"elementor-column elementor-col-50 elementor-inner-column elementor-element elementor-element-78645abc\" data-id=\"78645abc\" data-element_type=\"column\">\n\t\t\t<div class=\"elementor-column-wrap elementor-element-populated\">\n\t\t\t\t\t\t\t<div class=\"elementor-widget-wrap\">\n\t\t\t\t\t\t<div class=\"elementor-element elementor-element-461e16b8 elementor-widget elementor-widget-image\" data-id=\"461e16b8\" data-element_type=\"widget\" data-widget_type=\"image.default\">\n\t\t\t\t<div class=\"elementor-widget-container\">\n\t\t\t\t\t\t\t\t<div class=\"elementor-image\">\n\t\t\t\t\t\t\t\t\t\t\t\t<img width=\"640\" height=\"842\" src=\"https:\/\/cheflirantal.com\/wp-content\/uploads\/2020\/03\/Chef-Liran-Tal-778x1024.jpg\" class=\"attachment-large size-large\" alt=\"Chef Liran Tal\" srcset=\"https:\/\/cheflirantal.com\/wp-content\/uploads\/2020\/03\/Chef-Liran-Tal-778x1024.jpg 778w, https:\/\/cheflirantal.com\/wp-content\/uploads\/2020\/03\/Chef-Liran-Tal-228x300.jpg 228w, https:\/\/cheflirantal.com\/wp-content\/uploads\/2020\/03\/Chef-Liran-Tal-768x1011.jpg 768w, https:\/\/cheflirantal.com\/wp-content\/uploads\/2020\/03\/Chef-Liran-Tal.jpg 1064w\" sizes=\"(max-width: 640px) 100vw, 640px\" \/>\t\t\t\t\t\t\t\t\t\t\t\t\t\t<\/div>\n\t\t\t\t\t\t<\/div>\n\t\t\t\t<\/div>\n\t\t\t\t\t\t<\/div>\n\t\t\t\t\t<\/div>\n\t\t<\/div>\n\t\t\t\t\t\t\t\t<\/div>\n\t\t\t\t\t<\/div>\n\t\t<\/section>\n\t\t\t\t\t\t<\/div>\n\t\t\t\t\t<\/div>\n\t\t<\/div>\n\t\t\t\t\t\t\t\t<\/div>\n\t\t\t\t\t<\/div>\n\t\t<\/section>\n\t\t\t\t\t\t<\/div>\n\t\t\t\t\t\t<\/div>\n\t\t\t\t\t<\/div>","protected":false},"excerpt":{"rendered":"<p>Elit scripta volumus cu vim, cum no vidit prodesset interesset. Mollis legendos ne est, ex pri latine euismod apeirian. Nec molestie senserit an, eos no eirmod salutatus.<\/p>\n<p>Pro mucius everti ponderum at, vix reque scaevola eu. Ex nam veniam munere, at dico dictas mei. Ius ei assum assueverit. Nam ut assum nominavi.<\/p>","protected":false},"author":1,"featured_media":0,"parent":0,"menu_order":0,"comment_status":"closed","ping_status":"closed","template":"elementor_canvas","meta":{"spay_email":""},"yoast_head":"<!-- This site is optimized with the Yoast SEO plugin v18.0 - https:\/\/yoast.com\/wordpress\/plugins\/seo\/ -->\n<title>About Us &#8902; cheflirantal.com<\/title>\n<meta name=\"robots\" content=\"index, follow, max-snippet:-1, max-image-preview:large, max-video-preview:-1\" \/>\n<link rel=\"canonical\" href=\"https:\/\/cheflirantal.com\/fr\/le-chef\/\" \/>\n<meta property=\"og:locale\" content=\"fr_FR\" \/>\n<meta property=\"og:type\" content=\"article\" \/>\n<meta property=\"og:title\" content=\"About Us &#8902; cheflirantal.com\" \/>\n<meta property=\"og:description\" content=\"Elit scripta volumus cu vim, cum no vidit prodesset interesset. Mollis legendos ne est, ex pri latine euismod apeirian. Nec molestie senserit an, eos no eirmod salutatus.  Pro mucius everti ponderum at, vix reque scaevola eu. Ex nam veniam munere, at dico dictas mei. Ius ei assum assueverit. Nam ut assum nominavi.\" \/>\n<meta property=\"og:url\" content=\"https:\/\/cheflirantal.com\/fr\/le-chef\/\" \/>\n<meta property=\"og:site_name\" content=\"cheflirantal.com\" \/>\n<meta property=\"article:publisher\" content=\"https:\/\/www.facebook.com\/cheflirantal\/\" \/>\n<meta property=\"article:modified_time\" content=\"2020-06-22T10:21:58+00:00\" \/>\n<meta property=\"og:image\" content=\"https:\/\/cheflirantal.com\/wp-content\/uploads\/2020\/03\/Chef-Liran-Tal-778x1024.jpg\" \/>\n<meta name=\"twitter:card\" content=\"summary_large_image\" \/>\n<script type=\"application\/ld+json\" class=\"yoast-schema-graph\">{\"@context\":\"https:\/\/schema.org\",\"@graph\":[{\"@type\":\"Organization\",\"@id\":\"https:\/\/cheflirantal.com\/en\/#organization\",\"name\":\"Liran Tal Mediterranean Cuisine\",\"url\":\"https:\/\/cheflirantal.com\/en\/\",\"sameAs\":[\"https:\/\/www.facebook.com\/cheflirantal\/\",\"https:\/\/www.instagram.com\/cheflirantal\/\"],\"logo\":{\"@type\":\"ImageObject\",\"@id\":\"https:\/\/cheflirantal.com\/en\/#logo\",\"inLanguage\":\"fr-FR\",\"url\":\"\",\"contentUrl\":\"\",\"caption\":\"Liran Tal Mediterranean Cuisine\"},\"image\":{\"@id\":\"https:\/\/cheflirantal.com\/en\/#logo\"}},{\"@type\":\"WebSite\",\"@id\":\"https:\/\/cheflirantal.com\/en\/#website\",\"url\":\"https:\/\/cheflirantal.com\/en\/\",\"name\":\"Chef Liran Tal\",\"description\":\"\",\"publisher\":{\"@id\":\"https:\/\/cheflirantal.com\/en\/#organization\"},\"potentialAction\":[{\"@type\":\"SearchAction\",\"target\":{\"@type\":\"EntryPoint\",\"urlTemplate\":\"https:\/\/cheflirantal.com\/en\/?s={search_term_string}\"},\"query-input\":\"required name=search_term_string\"}],\"inLanguage\":\"fr-FR\"},{\"@type\":\"ImageObject\",\"@id\":\"https:\/\/cheflirantal.com\/en\/about-us\/#primaryimage\",\"inLanguage\":\"fr-FR\",\"url\":\"https:\/\/cheflirantal.com\/wp-content\/uploads\/2020\/03\/Chef-Liran-Tal.jpg\",\"contentUrl\":\"https:\/\/cheflirantal.com\/wp-content\/uploads\/2020\/03\/Chef-Liran-Tal.jpg\",\"width\":1064,\"height\":1400,\"caption\":\"Chef Liran Tal\"},{\"@type\":\"WebPage\",\"@id\":\"https:\/\/cheflirantal.com\/en\/about-us\/#webpage\",\"url\":\"https:\/\/cheflirantal.com\/en\/about-us\/\",\"name\":\"About Us &#8902; cheflirantal.com\",\"isPartOf\":{\"@id\":\"https:\/\/cheflirantal.com\/en\/#website\"},\"primaryImageOfPage\":{\"@id\":\"https:\/\/cheflirantal.com\/en\/about-us\/#primaryimage\"},\"datePublished\":\"2016-07-20T16:59:46+00:00\",\"dateModified\":\"2020-06-22T10:21:58+00:00\",\"breadcrumb\":{\"@id\":\"https:\/\/cheflirantal.com\/en\/about-us\/#breadcrumb\"},\"inLanguage\":\"fr-FR\",\"potentialAction\":[{\"@type\":\"ReadAction\",\"target\":[\"https:\/\/cheflirantal.com\/en\/about-us\/\"]}]},{\"@type\":\"BreadcrumbList\",\"@id\":\"https:\/\/cheflirantal.com\/en\/about-us\/#breadcrumb\",\"itemListElement\":[{\"@type\":\"ListItem\",\"position\":1,\"name\":\"Home\",\"item\":\"https:\/\/cheflirantal.com\/en\/\"},{\"@type\":\"ListItem\",\"position\":2,\"name\":\"About Us\"}]}]}<\/script>\n<!-- \/ Yoast SEO plugin. -->","yoast_head_json":{"title":"About Us &#8902; cheflirantal.com","robots":{"index":"index","follow":"follow","max-snippet":"max-snippet:-1","max-image-preview":"max-image-preview:large","max-video-preview":"max-video-preview:-1"},"canonical":"https:\/\/cheflirantal.com\/fr\/le-chef\/","og_locale":"fr_FR","og_type":"article","og_title":"About Us &#8902; cheflirantal.com","og_description":"Elit scripta volumus cu vim, cum no vidit prodesset interesset. Mollis legendos ne est, ex pri latine euismod apeirian. Nec molestie senserit an, eos no eirmod salutatus.  Pro mucius everti ponderum at, vix reque scaevola eu. Ex nam veniam munere, at dico dictas mei. Ius ei assum assueverit. Nam ut assum nominavi.","og_url":"https:\/\/cheflirantal.com\/fr\/le-chef\/","og_site_name":"cheflirantal.com","article_publisher":"https:\/\/www.facebook.com\/cheflirantal\/","article_modified_time":"2020-06-22T10:21:58+00:00","og_image":[{"url":"https:\/\/cheflirantal.com\/wp-content\/uploads\/2020\/03\/Chef-Liran-Tal-778x1024.jpg"}],"twitter_card":"summary_large_image","schema":{"@context":"https:\/\/schema.org","@graph":[{"@type":"Organization","@id":"https:\/\/cheflirantal.com\/en\/#organization","name":"Liran Tal Mediterranean Cuisine","url":"https:\/\/cheflirantal.com\/en\/","sameAs":["https:\/\/www.facebook.com\/cheflirantal\/","https:\/\/www.instagram.com\/cheflirantal\/"],"logo":{"@type":"ImageObject","@id":"https:\/\/cheflirantal.com\/en\/#logo","inLanguage":"fr-FR","url":"","contentUrl":"","caption":"Liran Tal Mediterranean Cuisine"},"image":{"@id":"https:\/\/cheflirantal.com\/en\/#logo"}},{"@type":"WebSite","@id":"https:\/\/cheflirantal.com\/en\/#website","url":"https:\/\/cheflirantal.com\/en\/","name":"Chef Liran Tal","description":"","publisher":{"@id":"https:\/\/cheflirantal.com\/en\/#organization"},"potentialAction":[{"@type":"SearchAction","target":{"@type":"EntryPoint","urlTemplate":"https:\/\/cheflirantal.com\/en\/?s={search_term_string}"},"query-input":"required name=search_term_string"}],"inLanguage":"fr-FR"},{"@type":"ImageObject","@id":"https:\/\/cheflirantal.com\/en\/about-us\/#primaryimage","inLanguage":"fr-FR","url":"https:\/\/cheflirantal.com\/wp-content\/uploads\/2020\/03\/Chef-Liran-Tal.jpg","contentUrl":"https:\/\/cheflirantal.com\/wp-content\/uploads\/2020\/03\/Chef-Liran-Tal.jpg","width":1064,"height":1400,"caption":"Chef Liran Tal"},{"@type":"WebPage","@id":"https:\/\/cheflirantal.com\/en\/about-us\/#webpage","url":"https:\/\/cheflirantal.com\/en\/about-us\/","name":"About Us &#8902; cheflirantal.com","isPartOf":{"@id":"https:\/\/cheflirantal.com\/en\/#website"},"primaryImageOfPage":{"@id":"https:\/\/cheflirantal.com\/en\/about-us\/#primaryimage"},"datePublished":"2016-07-20T16:59:46+00:00","dateModified":"2020-06-22T10:21:58+00:00","breadcrumb":{"@id":"https:\/\/cheflirantal.com\/en\/about-us\/#breadcrumb"},"inLanguage":"fr-FR","potentialAction":[{"@type":"ReadAction","target":["https:\/\/cheflirantal.com\/en\/about-us\/"]}]},{"@type":"BreadcrumbList","@id":"https:\/\/cheflirantal.com\/en\/about-us\/#breadcrumb","itemListElement":[{"@type":"ListItem","position":1,"name":"Home","item":"https:\/\/cheflirantal.com\/en\/"},{"@type":"ListItem","position":2,"name":"About Us"}]}]}},"_links":{"self":[{"href":"https:\/\/cheflirantal.com\/fr\/wp-json\/wp\/v2\/pages\/11"}],"collection":[{"href":"https:\/\/cheflirantal.com\/fr\/wp-json\/wp\/v2\/pages"}],"about":[{"href":"https:\/\/cheflirantal.com\/fr\/wp-json\/wp\/v2\/types\/page"}],"author":[{"embeddable":true,"href":"https:\/\/cheflirantal.com\/fr\/wp-json\/wp\/v2\/users\/1"}],"replies":[{"embeddable":true,"href":"https:\/\/cheflirantal.com\/fr\/wp-json\/wp\/v2\/comments?post=11"}],"version-history":[{"count":2,"href":"https:\/\/cheflirantal.com\/fr\/wp-json\/wp\/v2\/pages\/11\/revisions"}],"predecessor-version":[{"id":1150,"href":"https:\/\/cheflirantal.com\/fr\/wp-json\/wp\/v2\/pages\/11\/revisions\/1150"}],"wp:attachment":[{"href":"https:\/\/cheflirantal.com\/fr\/wp-json\/wp\/v2\/media?parent=11"}],"curies":[{"name":"wp","href":"https:\/\/api.w.org\/{rel}","templated":true}]}}